{"id":2386,"date":"2025-11-26T15:40:31","date_gmt":"2025-11-26T15:40:31","guid":{"rendered":"https:\/\/eventix.vortexdm.al\/?post_type=product&#038;p=2386"},"modified":"2025-11-26T15:40:31","modified_gmt":"2025-11-26T15:40:31","slug":"claim-your-2026","status":"publish","type":"product","link":"https:\/\/eventix.vortexdm.al\/?product=claim-your-2026","title":{"rendered":"Claim Your 2026"},"content":{"rendered":"<h2 data-start=\"117\" data-end=\"144\">\ud83c\udf89 <strong data-start=\"123\" data-end=\"142\">Claim Your 2026<\/strong><\/h2>\n<p data-start=\"145\" data-end=\"219\"><strong data-start=\"145\" data-end=\"219\">1 Janar 2026 \u2013 The First Night. The First Beat. Your Year Starts Here.<\/strong><\/p>\n<p data-start=\"221\" data-end=\"457\">Startojm\u00eb vitin me energjin\u00eb m\u00eb t\u00eb fort\u00eb!<br data-start=\"262\" data-end=\"265\" \/>\u201cClaim Your 2026\u201d \u00ebsht\u00eb eventi q\u00eb t\u00eb jep vibe-in e nj\u00eb fillimi t\u00eb ri\u2014me muzik\u00eb t\u00eb pangopur, atmosfer\u00eb elektrizuese dhe nj\u00eb crowd q\u00eb vjen vet\u00ebm p\u00ebr nj\u00eb gj\u00eb: <strong data-start=\"421\" data-end=\"457\">me e nis 2026-n n\u00eb nivel tjet\u00ebr.<\/strong><\/p>\n<p data-start=\"459\" data-end=\"604\">\ud83d\udd25 <em data-start=\"462\" data-end=\"502\">Deep House, Tech House &amp; Party Anthems<\/em><br data-start=\"502\" data-end=\"505\" \/>\ud83d\udd25 <em data-start=\"508\" data-end=\"550\">Midnight Shots &amp; New Year Ritual Moments<\/em><br data-start=\"550\" data-end=\"553\" \/>\ud83d\udd25 <em data-start=\"556\" data-end=\"604\">Lights, energy and a full house all night long<\/em><\/p>\n<p data-start=\"606\" data-end=\"740\">Ky nuk \u00ebsht\u00eb thjesht nj\u00eb event\u2026<br data-start=\"637\" data-end=\"640\" \/>\u00cbsht\u00eb ftesa jote p\u00ebr ta marr\u00eb vitin e ri n\u00eb dor\u00eb.<br data-start=\"689\" data-end=\"692\" \/>P\u00ebr ta nisur fuqish\u00ebm.<br data-start=\"714\" data-end=\"717\" \/>P\u00ebr ta b\u00ebr\u00eb <strong data-start=\"729\" data-end=\"739\">t\u00ebndin<\/strong>.<\/p>\n<p data-start=\"742\" data-end=\"823\"><strong data-start=\"742\" data-end=\"779\">Are you ready to Claim Your 2026?<\/strong><br data-start=\"779\" data-end=\"782\" \/>Let\u2019s make the first night unforgettable.<\/p>\n","protected":false},"excerpt":{"rendered":"<p>\ud83c\udf89 Claim Your 2026 1 Janar 2026 \u2013 The First Night. The First Beat. Your Year Starts Here. Startojm\u00eb vitin me energjin\u00eb m\u00eb t\u00eb fort\u00eb!\u201cClaim Your 2026\u201d \u00ebsht\u00eb eventi q\u00eb t\u00eb jep vibe-in e nj\u00eb fillimi t\u00eb ri\u2014me muzik\u00eb t\u00eb pangopur, atmosfer\u00eb elektrizuese dhe nj\u00eb crowd q\u00eb vjen vet\u00ebm p\u00ebr nj\u00eb gj\u00eb: me e nis [&hellip;]<\/p>\n","protected":false},"featured_media":2388,"comment_status":"open","ping_status":"closed","template":"","meta":[],"product_brand":[264],"product_cat":[263],"product_tag":[],"class_list":{"0":"post-2386","1":"product","2":"type-product","3":"status-publish","4":"has-post-thumbnail","6":"product_brand-eventix","7":"product_cat-house-party","8":"post","10":"first","11":"instock","12":"taxable","13":"shipping-taxable","14":"purchasable","15":"product-type-simple"},"jetpack_sharing_enabled":true,"_links":{"self":[{"href":"https:\/\/eventix.vortexdm.al\/index.php?rest_route=\/wp\/v2\/product\/2386","targetHints":{"allow":["GET"]}}],"collection":[{"href":"https:\/\/eventix.vortexdm.al\/index.php?rest_route=\/wp\/v2\/product"}],"about":[{"href":"https:\/\/eventix.vortexdm.al\/index.php?rest_route=\/wp\/v2\/types\/product"}],"replies":[{"embeddable":true,"href":"https:\/\/eventix.vortexdm.al\/index.php?rest_route=%2Fwp%2Fv2%2Fcomments&post=2386"}],"wp:featuredmedia":[{"embeddable":true,"href":"https:\/\/eventix.vortexdm.al\/index.php?rest_route=\/wp\/v2\/media\/2388"}],"wp:attachment":[{"href":"https:\/\/eventix.vortexdm.al\/index.php?rest_route=%2Fwp%2Fv2%2Fmedia&parent=2386"}],"wp:term":[{"taxonomy":"product_brand","embeddable":true,"href":"https:\/\/eventix.vortexdm.al\/index.php?rest_route=%2Fwp%2Fv2%2Fproduct_brand&post=2386"},{"taxonomy":"product_cat","embeddable":true,"href":"https:\/\/eventix.vortexdm.al\/index.php?rest_route=%2Fwp%2Fv2%2Fproduct_cat&post=2386"},{"taxonomy":"product_tag","embeddable":true,"href":"https:\/\/eventix.vortexdm.al\/index.php?rest_route=%2Fwp%2Fv2%2Fproduct_tag&post=2386"}],"curies":[{"name":"wp","href":"https:\/\/api.w.org\/{rel}","templated":true}]}}